{"id":554,"date":"2025-02-06T13:49:37","date_gmt":"2025-02-06T12:49:37","guid":{"rendered":"https:\/\/www.vtm.se\/?page_id=554"},"modified":"2025-02-10T10:42:30","modified_gmt":"2025-02-10T09:42:30","slug":"nedladdningar","status":"publish","type":"page","link":"https:\/\/www.vtm.se\/en\/nedladdningar\/","title":{"rendered":"Downloads"},"content":{"rendered":"<p>[et_pb_section fb_built=&#8221;1&#8243; _builder_version=&#8221;4.22.1&#8243; _module_preset=&#8221;default&#8221; background_color=&#8221;#f2f2f2&#8243; custom_margin=&#8221;-100px||||false|false&#8221; custom_margin_tablet=&#8221;-100px||||false|false&#8221; custom_margin_phone=&#8221;-100px||||false|false&#8221; custom_margin_last_edited=&#8221;on|desktop&#8221; custom_padding=&#8221;49px||6px|||&#8221; global_colors_info=&#8221;{}&#8221;][et_pb_row _builder_version=&#8221;4.21.0&#8243; _module_preset=&#8221;default&#8221; custom_padding=&#8221;7px|||||&#8221; global_colors_info=&#8221;{}&#8221;][et_pb_column type=&#8221;4_4&#8243; _builder_version=&#8221;4.21.0&#8243; _module_preset=&#8221;default&#8221; global_colors_info=&#8221;{}&#8221;][et_pb_text admin_label=&#8221;Contact Page Title&#8221; _builder_version=&#8221;4.27.4&#8243; text_font=&#8221;||||||||&#8221; header_font=&#8221;Roboto|700||on|||||&#8221; header_text_align=&#8221;center&#8221; header_font_size=&#8221;52px&#8221; header_letter_spacing=&#8221;4px&#8221; header_line_height=&#8221;1.2em&#8221; header_2_font=&#8221;||||||||&#8221; custom_margin=&#8221;50px||||false|false&#8221; animation_style=&#8221;fade&#8221; hover_enabled=&#8221;0&#8243; header_font_size_tablet=&#8221;40px&#8221; header_font_size_phone=&#8221;&#8221; header_font_size_last_edited=&#8221;on|tablet&#8221; global_colors_info=&#8221;{}&#8221; sticky_enabled=&#8221;0&#8243;]<\/p>\n<h2 style=\"text-align: center;\"><strong>Downloads<\/strong><\/h2>\n<p>[\/et_pb_text][\/et_pb_column][\/et_pb_row][\/et_pb_section][et_pb_section fb_built=&#8221;1&#8243; _builder_version=&#8221;4.27.4&#8243; _module_preset=&#8221;default&#8221; global_colors_info=&#8221;{}&#8221;][et_pb_row _builder_version=&#8221;4.27.4&#8243; _module_preset=&#8221;default&#8221; global_colors_info=&#8221;{}&#8221;][et_pb_column type=&#8221;4_4&#8243; _builder_version=&#8221;4.27.4&#8243; _module_preset=&#8221;default&#8221; global_colors_info=&#8221;{}&#8221;][et_pb_text _builder_version=&#8221;4.27.4&#8243; _module_preset=&#8221;default&#8221; global_colors_info=&#8221;{}&#8221;]<\/p>\n<h3 style=\"text-align: center;\"><strong>Documents for downloads<\/strong><\/h3>\n<p>[\/et_pb_text][\/et_pb_column][\/et_pb_row][et_pb_row column_structure=&#8221;1_4,1_4,1_4,1_4&#8243; _builder_version=&#8221;4.27.4&#8243; _module_preset=&#8221;default&#8221; global_colors_info=&#8221;{}&#8221;][et_pb_column type=&#8221;1_4&#8243; _builder_version=&#8221;4.27.4&#8243; _module_preset=&#8221;default&#8221; global_colors_info=&#8221;{}&#8221;][et_pb_text _builder_version=&#8221;4.27.4&#8243; _module_preset=&#8221;default&#8221; global_colors_info=&#8221;{}&#8221;]<\/p>\n<p><b>ISO-certifikat<span>\u00a0<\/span><\/b><\/p>\n<p>[\/et_pb_text][et_pb_text _builder_version=&#8221;4.27.4&#8243; _module_preset=&#8221;default&#8221; global_colors_info=&#8221;{}&#8221;]<\/p>\n<p><a href=\"http:\/\/www.vtm.se\/wp-content\/uploads\/2025\/02\/Certifikat_Ventilteknik-i-Motala-AB_sv_2023-03-06-2026-06-30.pdf\" target=\"_blank\" rel=\"noopener\">Certifikat_Ventilteknik i Motala AB_sv_2023-03-06 &#8212; 2026-06-30<\/a><\/p>\n<p>[\/et_pb_text][\/et_pb_column][et_pb_column type=&#8221;1_4&#8243; _builder_version=&#8221;4.27.4&#8243; _module_preset=&#8221;default&#8221; global_colors_info=&#8221;{}&#8221;][et_pb_text _builder_version=&#8221;4.27.4&#8243; _module_preset=&#8221;default&#8221; global_colors_info=&#8221;{}&#8221;]<\/p>\n<p><b>Dimensions<\/b><\/p>\n<p>[\/et_pb_text][et_pb_text _builder_version=&#8221;4.27.4&#8243; _module_preset=&#8221;default&#8221; global_colors_info=&#8221;{}&#8221;]<\/p>\n<p><a href=\"http:\/\/www.vtm.se\/wp-content\/uploads\/2025\/02\/Dimensionstabell-packningar-EN-1514-1_1997.pdf\" target=\"_blank\" rel=\"noopener\">Dimensionstabell packningar EN 1514-1_1997<\/a><\/p>\n<p>[\/et_pb_text][et_pb_text _builder_version=&#8221;4.27.4&#8243; _module_preset=&#8221;default&#8221; global_colors_info=&#8221;{}&#8221;]<\/p>\n<p><a href=\"http:\/\/www.vtm.se\/wp-content\/uploads\/2025\/02\/Dimensionstabell-planpackningar-FF-PN25-10-EN-1514-1_1997.pdf\" target=\"_blank\" rel=\"noopener\">Dimensionstabell planpackningar FF PN2,5-10 EN 1514-1_1997<\/a><\/p>\n<p>[\/et_pb_text][et_pb_text _builder_version=&#8221;4.27.4&#8243; _module_preset=&#8221;default&#8221; global_colors_info=&#8221;{}&#8221;]<\/p>\n<p><a href=\"http:\/\/www.vtm.se\/wp-content\/uploads\/2025\/02\/Dimensionstabell-planpackningar-FF-PN16-40-EN-1514-1_1997.pdf\" target=\"_blank\" rel=\"noopener\">Dimensionstabell planpackningar FF PN16-40 EN 1514-1_1997<\/a><\/p>\n<p>[\/et_pb_text][et_pb_text _builder_version=&#8221;4.27.4&#8243; _module_preset=&#8221;default&#8221; global_colors_info=&#8221;{}&#8221;]<\/p>\n<p><a href=\"http:\/\/www.vtm.se\/wp-content\/uploads\/2025\/02\/Ring-joints-dimensioner.pdf\" target=\"_blank\" rel=\"noopener\">Ring joints dimensioner<\/a><\/p>\n<p>[\/et_pb_text][\/et_pb_column][et_pb_column type=&#8221;1_4&#8243; _builder_version=&#8221;4.27.4&#8243; _module_preset=&#8221;default&#8221; global_colors_info=&#8221;{}&#8221;][et_pb_text _builder_version=&#8221;4.27.4&#8243; _module_preset=&#8221;default&#8221; global_colors_info=&#8221;{}&#8221;]<\/p>\n<p><b>Data sheet<span>\u00a0<\/span><\/b><\/p>\n<p>[\/et_pb_text][et_pb_text _builder_version=&#8221;4.27.4&#8243; _module_preset=&#8221;default&#8221; global_colors_info=&#8221;{}&#8221;]<\/p>\n<p><a href=\"http:\/\/www.vtm.se\/wp-content\/uploads\/2025\/02\/Technical-data-sheet-TESNIT\u00ae-BA-U.pdf\" target=\"_blank\" rel=\"noopener\">Technical data sheet &#8211; TESNIT\u00ae BA-U<\/a><\/p>\n<p>[\/et_pb_text][et_pb_text _builder_version=&#8221;4.27.4&#8243; _module_preset=&#8221;default&#8221; global_colors_info=&#8221;{}&#8221;]<\/p>\n<p><a href=\"http:\/\/www.vtm.se\/wp-content\/uploads\/2025\/02\/Technical-data-sheet-TESNIT\u00ae-BA-GL.pdf\" target=\"_blank\" rel=\"noopener\">Technical data sheet &#8211; TESNIT\u00ae BA-GL<\/a><\/p>\n<p>[\/et_pb_text][et_pb_text _builder_version=&#8221;4.27.4&#8243; _module_preset=&#8221;default&#8221; global_colors_info=&#8221;{}&#8221;]<\/p>\n<p><a href=\"http:\/\/www.vtm.se\/wp-content\/uploads\/2025\/02\/Technical-data-sheet-TESNIT\u00ae-BA-CF.pdf\" target=\"_blank\" rel=\"noopener\">Technical data sheet &#8211; TESNIT\u00ae BA-CF<\/a><\/p>\n<p>[\/et_pb_text][et_pb_text _builder_version=&#8221;4.27.4&#8243; _module_preset=&#8221;default&#8221; global_colors_info=&#8221;{}&#8221;]<\/p>\n<p><a href=\"http:\/\/www.vtm.se\/wp-content\/uploads\/2025\/02\/Technical-data-sheet-MICALIT\u00ae-P.pdf\" target=\"_blank\" rel=\"noopener\">Technical data sheet &#8211; MICALIT\u00ae P<\/a><\/p>\n<p>[\/et_pb_text][et_pb_text _builder_version=&#8221;4.27.4&#8243; _module_preset=&#8221;default&#8221; global_colors_info=&#8221;{}&#8221;]<\/p>\n<p><a href=\"http:\/\/www.vtm.se\/wp-content\/uploads\/2025\/02\/Technical-data-sheet-MICALIT\u00ae-F.pdf\" target=\"_blank\" rel=\"noopener\">Technical data sheet &#8211; MICALIT\u00ae F<\/a><\/p>\n<p>[\/et_pb_text][et_pb_text _builder_version=&#8221;4.27.4&#8243; _module_preset=&#8221;default&#8221; global_colors_info=&#8221;{}&#8221;]<\/p>\n<p><a href=\"http:\/\/www.vtm.se\/wp-content\/uploads\/2025\/02\/Technical-data-sheet-GRAFILIT\u00ae-SL.pdf\" target=\"_blank\" rel=\"noopener\">Technical data sheet &#8211; GRAFILIT\u00ae SL<\/a><\/p>\n<p>[\/et_pb_text][et_pb_text _builder_version=&#8221;4.27.4&#8243; _module_preset=&#8221;default&#8221; global_colors_info=&#8221;{}&#8221;]<\/p>\n<p><a href=\"http:\/\/www.vtm.se\/wp-content\/uploads\/2025\/02\/Technical-data-sheet-GRAFILIT\u00ae-SF.pdf\" target=\"_blank\" rel=\"noopener\">Technical data sheet &#8211; GRAFILIT\u00ae SF<\/a><\/p>\n<p>[\/et_pb_text][et_pb_text _builder_version=&#8221;4.27.4&#8243; _module_preset=&#8221;default&#8221; global_colors_info=&#8221;{}&#8221;]<\/p>\n<p><a href=\"http:\/\/www.vtm.se\/wp-content\/uploads\/2025\/02\/Technical-data-sheet-GRAFILIT\u00ae-IQ.pdf\" target=\"_blank\" rel=\"noopener\">Technical data sheet &#8211; GRAFILIT\u00ae IQ<\/a><\/p>\n<p>[\/et_pb_text][et_pb_text _builder_version=&#8221;4.27.4&#8243; _module_preset=&#8221;default&#8221; global_colors_info=&#8221;{}&#8221;]<\/p>\n<p><a href=\"http:\/\/www.vtm.se\/wp-content\/uploads\/2025\/02\/Technical-data-sheet-GRAFILIT\u00ae-EM.pdf\" target=\"_blank\" rel=\"noopener\">Technical data sheet &#8211; GRAFILIT\u00ae EM<\/a><\/p>\n<p>[\/et_pb_text][et_pb_text _builder_version=&#8221;4.27.4&#8243; _module_preset=&#8221;default&#8221; global_colors_info=&#8221;{}&#8221;]<\/p>\n<p><a href=\"http:\/\/www.vtm.se\/wp-content\/uploads\/2025\/02\/Technical-data-sheet-DONIFLON\u00ae-2020.pdf\" target=\"_blank\" rel=\"noopener\">Technical data sheet &#8211; DONIFLON\u00ae 2020<\/a><\/p>\n<p>[\/et_pb_text][et_pb_text _builder_version=&#8221;4.27.4&#8243; _module_preset=&#8221;default&#8221; global_colors_info=&#8221;{}&#8221;]<\/p>\n<p><a href=\"http:\/\/www.vtm.se\/wp-content\/uploads\/2025\/02\/Technical-data-sheet-DONIFLON\u00ae-900E.pdf\" target=\"_blank\" rel=\"noopener\">Technical data sheet &#8211; DONIFLON\u00ae 900E<\/a><\/p>\n<p>[\/et_pb_text][et_pb_text _builder_version=&#8221;4.27.4&#8243; _module_preset=&#8221;default&#8221; global_colors_info=&#8221;{}&#8221;]<\/p>\n<p><a href=\"http:\/\/www.vtm.se\/wp-content\/uploads\/2025\/02\/Technical-data-sheet-DONIFLON\u00ae-2010.pdf\" target=\"_blank\" rel=\"noopener\">Technical data sheet &#8211; DONIFLON\u00ae 2010<\/a><\/p>\n<p>[\/et_pb_text][\/et_pb_column][et_pb_column type=&#8221;1_4&#8243; _builder_version=&#8221;4.27.4&#8243; _module_preset=&#8221;default&#8221; global_colors_info=&#8221;{}&#8221;][et_pb_text _builder_version=&#8221;4.27.4&#8243; _module_preset=&#8221;default&#8221; global_colors_info=&#8221;{}&#8221;]<\/p>\n<p><b>Request documents<span>\u00a0<\/span><\/b><\/p>\n<p>[\/et_pb_text][et_pb_text _builder_version=&#8221;4.27.4&#8243; _module_preset=&#8221;default&#8221; global_colors_info=&#8221;{}&#8221;]<\/p>\n<p><a href=\"http:\/\/www.vtm.se\/wp-content\/uploads\/2025\/02\/Fofragningsunderlag-ritning-Rund-med-hal-FF.pdf\" target=\"_blank\" rel=\"noopener\">F\u00f6fr\u00e5gningsunderlag ritning Rund med h\u00e5l FF<\/a><\/p>\n<p>[\/et_pb_text][et_pb_text _builder_version=&#8221;4.27.4&#8243; _module_preset=&#8221;default&#8221; global_colors_info=&#8221;{}&#8221;]<\/p>\n<p><a href=\"http:\/\/www.vtm.se\/wp-content\/uploads\/2025\/02\/Fofragningsunderlag-ritning-Elips.pdf\" target=\"_blank\" rel=\"noopener\">F\u00f6fr\u00e5gningsunderlag ritning Elips<\/a><\/p>\n<p>[\/et_pb_text][et_pb_text _builder_version=&#8221;4.27.4&#8243; _module_preset=&#8221;default&#8221; global_colors_info=&#8221;{}&#8221;]<\/p>\n<p><a href=\"http:\/\/www.vtm.se\/wp-content\/uploads\/2025\/02\/Fofragningsunderlag-ritning-Loparbana.pdf\" target=\"_blank\" rel=\"noopener\">F\u00f6fr\u00e5gningsunderlag ritning L\u00f6parbana<\/a><\/p>\n<p>[\/et_pb_text][\/et_pb_column][\/et_pb_row][\/et_pb_section]<\/p>","protected":false},"excerpt":{"rendered":"<p>NedladdningarDokument f\u00f6r nedladdningarISO-certifikat\u00a0Certifikat_Ventilteknik i Motala AB_sv_2023-03-06 &#8212; 2026-06-30DimensionerDimensionstabell packningar EN 1514-1_1997Dimensionstabell planpackningar FF PN2,5-10 EN 1514-1_1997Dimensionstabell planpackningar FF PN16-40 EN 1514-1_1997Ring joints dimensionerDatablad\u00a0Technical data sheet &#8211; TESNIT\u00ae BA-UTechnical data sheet &#8211; TESNIT\u00ae BA-GLTechnical data sheet &#8211; TESNIT\u00ae BA-CFTechnical data sheet &#8211; MICALIT\u00ae PTechnical data sheet &#8211; MICALIT\u00ae FTechnical data sheet &#8211; GRAFILIT\u00ae SLTechnical data sheet [&hellip;]<\/p>","protected":false},"author":2,"featured_media":0,"parent":0,"menu_order":0,"comment_status":"closed","ping_status":"closed","template":"","meta":{"_et_pb_use_builder":"on","_et_pb_old_content":"","_et_gb_content_width":"","footnotes":""},"class_list":["post-554","page","type-page","status-publish","hentry"],"_links":{"self":[{"href":"https:\/\/www.vtm.se\/en\/wp-json\/wp\/v2\/pages\/554","targetHints":{"allow":["GET"]}}],"collection":[{"href":"https:\/\/www.vtm.se\/en\/wp-json\/wp\/v2\/pages"}],"about":[{"href":"https:\/\/www.vtm.se\/en\/wp-json\/wp\/v2\/types\/page"}],"author":[{"embeddable":true,"href":"https:\/\/www.vtm.se\/en\/wp-json\/wp\/v2\/users\/2"}],"replies":[{"embeddable":true,"href":"https:\/\/www.vtm.se\/en\/wp-json\/wp\/v2\/comments?post=554"}],"version-history":[{"count":10,"href":"https:\/\/www.vtm.se\/en\/wp-json\/wp\/v2\/pages\/554\/revisions"}],"predecessor-version":[{"id":591,"href":"https:\/\/www.vtm.se\/en\/wp-json\/wp\/v2\/pages\/554\/revisions\/591"}],"wp:attachment":[{"href":"https:\/\/www.vtm.se\/en\/wp-json\/wp\/v2\/media?parent=554"}],"curies":[{"name":"wp","href":"https:\/\/api.w.org\/{rel}","templated":true}]}}