{"id":11,"date":"2023-05-17T13:46:36","date_gmt":"2023-05-17T11:46:36","guid":{"rendered":"https:\/\/www.vtm.se\/?page_id=11"},"modified":"2025-03-17T15:22:57","modified_gmt":"2025-03-17T14:22:57","slug":"ventilservice","status":"publish","type":"page","link":"https:\/\/www.vtm.se\/en\/","title":{"rendered":"Valve service"},"content":{"rendered":"<p>[et_pb_section fb_built=&#8221;1&#8243; custom_padding_last_edited=&#8221;on|phone&#8221; admin_label=&#8221;Features&#8221; _builder_version=&#8221;4.22.1&#8243; background_color=&#8221;RGBA(255,255,255,0)&#8221; background_video_mp4=&#8221;https:\/\/player.vimeo.com\/progressive_redirect\/playback\/829529388\/rendition\/1080p\/file.mp4?loc=external&#038;signature=336eff626db7397e8f114908b07886dccb89c4d79cd1a9a66c987e1a7e4924d5&#8243; custom_margin=&#8221;-2px|||||&#8221; custom_padding=&#8221;48px||139px|||&#8221; custom_padding_tablet=&#8221;110px||75px|||&#8221; custom_padding_phone=&#8221;50px||75px||false|false&#8221; box_shadow_style=&#8221;preset3&#8243; box_shadow_color=&#8221;rgba(0,0,0,0.05)&#8221; collapsed=&#8221;off&#8221; global_colors_info=&#8221;{}&#8221;][et_pb_row column_structure=&#8221;2_3,1_3&#8243; _builder_version=&#8221;4.22.1&#8243; max_width=&#8221;1280px&#8221; max_width_tablet=&#8221;1280px&#8221; max_width_phone=&#8221;&#8221; max_width_last_edited=&#8221;on|phone&#8221; custom_margin=&#8221;145px||0px||false|false&#8221; custom_margin_tablet=&#8221;145px||0px||false|false&#8221; custom_margin_phone=&#8221;74px||||false|false&#8221; custom_margin_last_edited=&#8221;on|phone&#8221; custom_padding=&#8221;27px||0px||false|false&#8221; use_custom_width=&#8221;on&#8221; custom_width_px=&#8221;1280px&#8221; collapsed=&#8221;off&#8221; global_colors_info=&#8221;{}&#8221;][et_pb_column type=&#8221;2_3&#8243; _builder_version=&#8221;4.21.0&#8243; custom_padding=&#8221;||0px||false|false&#8221; custom_padding_tablet=&#8221;||0px||false|false&#8221; custom_padding_phone=&#8221;23px||||false|false&#8221; custom_padding_last_edited=&#8221;on|phone&#8221; global_colors_info=&#8221;{}&#8221; custom_padding__hover=&#8221;|||&#8221;][et_pb_text admin_label=&#8221;Subtitle&#8221; _builder_version=&#8221;4.22.1&#8243; text_font=&#8221;Roboto|on||on|&#8221; text_text_color=&#8221;#2a2a2a&#8221; text_font_size=&#8221;18px&#8221; text_letter_spacing=&#8221;4px&#8221; header_text_color=&#8221;#FFFFFF&#8221; header_font_size=&#8221;15px&#8221; header_line_height=&#8221;1.5em&#8221; custom_margin=&#8221;||5px||false|false&#8221; animation_style=&#8221;zoom&#8221; animation_direction=&#8221;left&#8221; animation_intensity_zoom=&#8221;10%&#8221; header_font_size_tablet=&#8221;15px&#8221; header_font_size_phone=&#8221;15px&#8221; header_font_size_last_edited=&#8221;on|phone&#8221; global_colors_info=&#8221;{}&#8221;]<\/p>\n<h1>Welcome to Ventilteknik in Motala<\/h1>\n<p>[\/et_pb_text][et_pb_text admin_label=&#8221;Title&#8221; _builder_version=&#8221;4.22.1&#8243; text_font=&#8221;||||||||&#8221; header_font=&#8221;||||||||&#8221; header_2_font=&#8221;Roboto|700||on|||||&#8221; header_2_text_color=&#8221;#FFFFFF&#8221; header_2_font_size=&#8221;52px&#8221; header_2_letter_spacing=&#8221;4px&#8221; header_2_line_height=&#8221;1.2em&#8221; custom_margin=&#8221;||0px||false|false&#8221; custom_padding=&#8221;||0px|||&#8221; animation_style=&#8221;zoom&#8221; animation_direction=&#8221;left&#8221; animation_delay=&#8221;50ms&#8221; animation_intensity_zoom=&#8221;10%&#8221; header_2_font_size_tablet=&#8221;40px&#8221; header_2_font_size_phone=&#8221;&#8221; header_2_font_size_last_edited=&#8221;on|desktop&#8221; global_colors_info=&#8221;{}&#8221;]<\/p>\n<h2>We are experts in valves<\/h2>\n<p>[\/et_pb_text][et_pb_text _builder_version=&#8221;4.22.1&#8243; text_font=&#8221;||||||||&#8221; text_text_color=&#8221;#FFFFFF&#8221; text_line_height=&#8221;1.8em&#8221; header_font=&#8221;||||||||&#8221; custom_margin=&#8221;||0px||false|false&#8221; custom_margin_tablet=&#8221;||0px||false|false&#8221; custom_margin_phone=&#8221;||0px||false|false&#8221; custom_margin_last_edited=&#8221;on|tablet&#8221; custom_padding=&#8221;|||&#8221; animation_style=&#8221;zoom&#8221; animation_direction=&#8221;left&#8221; animation_delay=&#8221;100ms&#8221; animation_intensity_zoom=&#8221;10%&#8221; global_colors_info=&#8221;{}&#8221;][\/et_pb_text][\/et_pb_column][et_pb_column type=&#8221;1_3&#8243; _builder_version=&#8221;4.21.0&#8243; custom_padding=&#8221;0px||0px||false|false&#8221; global_colors_info=&#8221;{}&#8221; custom_padding__hover=&#8221;|||&#8221;][\/et_pb_column][\/et_pb_row][\/et_pb_section][et_pb_section fb_built=&#8221;1&#8243; _builder_version=&#8221;4.27.4&#8243; _module_preset=&#8221;default&#8221; global_colors_info=&#8221;{}&#8221;][et_pb_row _builder_version=&#8221;4.27.4&#8243; _module_preset=&#8221;default&#8221; global_colors_info=&#8221;{}&#8221;][et_pb_column type=&#8221;4_4&#8243; _builder_version=&#8221;4.27.4&#8243; _module_preset=&#8221;default&#8221; global_colors_info=&#8221;{}&#8221;][et_pb_text _builder_version=&#8221;4.27.4&#8243; text_font=&#8221;||||||||&#8221; header_font=&#8221;||||||||&#8221; header_text_align=&#8221;center&#8221; header_2_font=&#8221;Roboto|700||on|||||&#8221; header_2_text_align=&#8221;center&#8221; header_2_font_size=&#8221;30px&#8221; header_2_letter_spacing=&#8221;4px&#8221; module_alignment=&#8221;center&#8221; custom_margin=&#8221;||10px|&#8221; custom_padding=&#8221;|||&#8221; animation_style=&#8221;fade&#8221; global_colors_info=&#8221;{}&#8221;]<\/p>\n<h2>Wholehearted service, always available<\/h2>\n<p>[\/et_pb_text][et_pb_text _builder_version=&#8221;4.27.4&#8243; _module_preset=&#8221;default&#8221; global_colors_info=&#8221;{}&#8221;]<\/p>\n<p style=\"text-align: center;\">VTM offers wholehearted service in all situations, regardless of whether the need is urgent or long-term. With our fully equipped workshop and staff available 24 hours a day, we deliver fast, reliable and high quality service. Our specialists have extensive experience and broad competence in valve service \u2013 from troubleshooting and maintenance to repairs and test pressures. We also service pneumatic actuators and positioners.<\/p>\n<p>[\/et_pb_text][\/et_pb_column][\/et_pb_row][\/et_pb_section][et_pb_section fb_built=&#8221;1&#8243; fullwidth=&#8221;on&#8221; _builder_version=&#8221;4.27.4&#8243; _module_preset=&#8221;default&#8221; global_colors_info=&#8221;{}&#8221;][et_pb_fullwidth_image src=&#8221;http:\/\/www.vtm.se\/wp-content\/uploads\/2025\/02\/PRE00709_webb.jpg&#8221; title_text=&#8221;PRE00709_webb&#8221; _builder_version=&#8221;4.27.4&#8243; _module_preset=&#8221;default&#8221; global_colors_info=&#8221;{}&#8221;][\/et_pb_fullwidth_image][\/et_pb_section][et_pb_section fb_built=&#8221;1&#8243; custom_padding_last_edited=&#8221;on|phone&#8221; _builder_version=&#8221;4.21.0&#8243; _module_preset=&#8221;default&#8221; background_color=&#8221;#f4f4f4&#8243; custom_padding=&#8221;47px||71px|||&#8221; custom_padding_tablet=&#8221;71px||94px|||&#8221; custom_padding_phone=&#8221;71px|4%|94px|4%|false|true&#8221; global_colors_info=&#8221;{}&#8221;][et_pb_row column_structure=&#8221;3_5,2_5&#8243; use_custom_gutter=&#8221;on&#8221; gutter_width=&#8221;2&#8243; make_equal=&#8221;on&#8221; _builder_version=&#8221;4.22.1&#8243; custom_padding=&#8221;0px|0px|0px|0px||&#8221; global_colors_info=&#8221;{}&#8221;][et_pb_column type=&#8221;3_5&#8243; _builder_version=&#8221;4.21.0&#8243; custom_padding=&#8221;2%||||false|false&#8221; global_colors_info=&#8221;{}&#8221; custom_padding__hover=&#8221;|||&#8221;][et_pb_text _builder_version=&#8221;4.27.4&#8243; text_font=&#8221;||||||||&#8221; header_font=&#8221;||||||||&#8221; header_2_font=&#8221;Roboto|700||on|||||&#8221; header_2_text_align=&#8221;left&#8221; header_2_font_size=&#8221;30px&#8221; header_2_letter_spacing=&#8221;4px&#8221; module_alignment=&#8221;center&#8221; custom_margin=&#8221;||10px|&#8221; custom_padding=&#8221;|||&#8221; animation_style=&#8221;fade&#8221; global_colors_info=&#8221;{}&#8221;]<\/p>\n<h3><strong>Ventilservice &#8211; n\u00e4r ni \u00e4r behov av hj\u00e4lp<\/strong><\/h3>\n<p>[\/et_pb_text][et_pb_divider color=&#8221;#A2C4B4&#8243; divider_weight=&#8221;2px&#8221; disabled_on=&#8221;off|off|off&#8221; _builder_version=&#8221;4.21.0&#8243; max_width=&#8221;100px&#8221; custom_margin_tablet=&#8221;&#8221; custom_margin_phone=&#8221;||0px||false|false&#8221; custom_margin_last_edited=&#8221;on|phone&#8221; animation_style=&#8221;fade&#8221; locked=&#8221;off&#8221; global_colors_info=&#8221;{}&#8221; max_width__hover_enabled=&#8221;on|hover&#8221; max_width__hover=&#8221;260px&#8221;][\/et_pb_divider][et_pb_text _builder_version=&#8221;4.27.4&#8243; text_font=&#8221;||||||||&#8221; text_line_height=&#8221;1.8em&#8221; max_width_tablet=&#8221;&#8221; max_width_phone=&#8221;&#8221; max_width_last_edited=&#8221;on|desktop&#8221; custom_margin=&#8221;||13px|||&#8221; custom_margin_tablet=&#8221;||38px|||&#8221; custom_margin_phone=&#8221;||0px||false|false&#8221; custom_margin_last_edited=&#8221;on|phone&#8221; custom_padding=&#8221;|2%|||false|false&#8221; custom_padding_tablet=&#8221;|2%|||false|false&#8221; custom_padding_phone=&#8221;|2%|||false|false&#8221; custom_padding_last_edited=&#8221;on|tablet&#8221; animation_style=&#8221;fade&#8221; global_colors_info=&#8221;{}&#8221;]<\/p>\n<p style=\"font-weight: 400;\">Vi erbjuder ventilservice \u00f6ver hela Sverige och hanterar akuta uppdrag dygnet runt. B\u00e5de i f\u00e4lt och i verkstad. Genom snabbhet, noggrannhet och digital servicedokumentation s\u00e4kerst\u00e4ller vi effektiv probleml\u00f6sning. Vi har \u00e4ven investerat i ett st\u00f6rre, mer automatiserat lager f\u00f6r att kunna m\u00f6ta v\u00e5ra kunders behov direkt.<\/p>\n<p style=\"font-weight: 400;\">During field work, we perform valve inventory, preventive maintenance and tests to optimize operation and minimize downtime. Our services include:<\/p>\n<p>\u2714 Troubleshooting &amp; repair<br \/>\u2714 Final check &amp; proof printing<br \/>\u2714 Online testing of safety valves<br \/>\u2714 Mobile grinding (10 mm \u2013 1,200 mm)<br \/>\u2714 Condensate trap measurement with service action<\/p>\n<p style=\"font-weight: 400;\">With VTM, you get a safe and efficient service, regardless of whether the work is done on site or in our workshop. When problems arise - turn to us. We will solve it.<\/p>\n<p>[\/et_pb_text][\/et_pb_column][et_pb_column type=&#8221;2_5&#8243; _builder_version=&#8221;4.16&#8243; custom_padding=&#8221;|||&#8221; global_colors_info=&#8221;{}&#8221; custom_padding__hover=&#8221;|||&#8221;][et_pb_divider show_divider=&#8221;off&#8221; _builder_version=&#8221;4.27.4&#8243; _module_preset=&#8221;default&#8221; background_image=&#8221;http:\/\/www.vtm.se\/wp-content\/uploads\/2025\/03\/MR5B9110.jpg&#8221; custom_margin=&#8221;||||false|false&#8221; custom_margin_tablet=&#8221;||||false|false&#8221; custom_margin_phone=&#8221;||9%||false|false&#8221; custom_margin_last_edited=&#8221;on|tablet&#8221; custom_padding=&#8221;92px||92px||true|false&#8221; custom_padding_tablet=&#8221;140px||140px||true|false&#8221; custom_padding_phone=&#8221;120px||120px||false|false&#8221; custom_padding_last_edited=&#8221;on|phone&#8221; hover_enabled=&#8221;0&#8243; global_colors_info=&#8221;{}&#8221; title_text=&#8221;MR5B9110&#8243; sticky_enabled=&#8221;0&#8243;][\/et_pb_divider][et_pb_divider show_divider=&#8221;off&#8221; _builder_version=&#8221;4.27.4&#8243; _module_preset=&#8221;default&#8221; background_image=&#8221;http:\/\/www.vtm.se\/wp-content\/uploads\/2025\/02\/PRE00806.jpg&#8221; custom_margin=&#8221;5.4%||5.4%||true|false&#8221; custom_padding=&#8221;99px||99px||true|false&#8221; custom_padding_tablet=&#8221;150px||150px||true|false&#8221; custom_padding_phone=&#8221;110px||110px||true|false&#8221; custom_padding_last_edited=&#8221;on|phone&#8221; global_colors_info=&#8221;{}&#8221;][\/et_pb_divider][\/et_pb_column][\/et_pb_row][\/et_pb_section][et_pb_section fb_built=&#8221;1&#8243; custom_padding_last_edited=&#8221;on|phone&#8221; admin_label=&#8221;Features&#8221; _builder_version=&#8221;4.21.0&#8243; custom_margin=&#8221;-2px|||||&#8221; custom_padding=&#8221;48px||34px|||&#8221; custom_padding_tablet=&#8221;110px||75px|||&#8221; custom_padding_phone=&#8221;50px||75px||false|false&#8221; box_shadow_style=&#8221;preset3&#8243; box_shadow_color=&#8221;rgba(0,0,0,0.05)&#8221; collapsed=&#8221;off&#8221; global_colors_info=&#8221;{}&#8221;][et_pb_row custom_padding_last_edited=&#8221;on|phone&#8221; _builder_version=&#8221;4.22.1&#8243; custom_margin_tablet=&#8221;&#8221; custom_margin_phone=&#8221;0px||||false|false&#8221; custom_margin_last_edited=&#8221;on|phone&#8221; custom_padding=&#8221;5px|10px|12px|10px|false|true&#8221; custom_padding_tablet=&#8221;|10px||10px|false|true&#8221; custom_padding_phone=&#8221;0px|10px|0px|10px|false|true&#8221; collapsed=&#8221;off&#8221; global_colors_info=&#8221;{}&#8221;][et_pb_column type=&#8221;4_4&#8243; _builder_version=&#8221;4.16&#8243; custom_padding=&#8221;2%|2%|2%|2%|true|true&#8221; border_width_all=&#8221;0.5px&#8221; border_color_all=&#8221;#FFFFFF&#8221; global_colors_info=&#8221;{}&#8221; custom_padding__hover=&#8221;|||&#8221; border_color_all__hover=&#8221;#A2C4B4&#8243; border_color_all__hover_enabled=&#8221;on|hover&#8221;][et_pb_video src=&#8221;http:\/\/www.vtm.se\/wp-content\/uploads\/2023\/09\/vtm_-_2023-1080p-1.mp4&#8243; _builder_version=&#8221;4.22.1&#8243; _module_preset=&#8221;default&#8221; border_width_all=&#8221;19px&#8221; border_color_all=&#8221;#FFFFFF&#8221; box_shadow_style=&#8221;preset3&#8243; global_colors_info=&#8221;{}&#8221;][\/et_pb_video][\/et_pb_column][\/et_pb_row][\/et_pb_section]<\/p>","protected":false},"excerpt":{"rendered":"<p>V\u00e4lkommen till Ventilteknik i Motalavi kan ventilerHelhj\u00e4rtad service, alltid tillg\u00e4ngligVTM erbjuder helhj\u00e4rtad service i alla l\u00e4gen, oavsett om behovet \u00e4r akut eller l\u00e5ngsiktigt. Med v\u00e5r fullt utrustade verkstad och personal tillg\u00e4nglig dygnet runt levererar vi snabb, p\u00e5litlig och h\u00f6gkvalitativ service. V\u00e5ra specialister har l\u00e5ng erfarenhet och bred kompetens inom ventilservice \u2013 fr\u00e5n fels\u00f6kning och underh\u00e5ll [&hellip;]<\/p>","protected":false},"author":2,"featured_media":0,"parent":0,"menu_order":0,"comment_status":"closed","ping_status":"closed","template":"","meta":{"_et_pb_use_builder":"on","_et_pb_old_content":"<!-- wp:divi\/placeholder \/-->","_et_gb_content_width":"","footnotes":""},"class_list":["post-11","page","type-page","status-publish","hentry"],"_links":{"self":[{"href":"https:\/\/www.vtm.se\/en\/wp-json\/wp\/v2\/pages\/11","targetHints":{"allow":["GET"]}}],"collection":[{"href":"https:\/\/www.vtm.se\/en\/wp-json\/wp\/v2\/pages"}],"about":[{"href":"https:\/\/www.vtm.se\/en\/wp-json\/wp\/v2\/types\/page"}],"author":[{"embeddable":true,"href":"https:\/\/www.vtm.se\/en\/wp-json\/wp\/v2\/users\/2"}],"replies":[{"embeddable":true,"href":"https:\/\/www.vtm.se\/en\/wp-json\/wp\/v2\/comments?post=11"}],"version-history":[{"count":77,"href":"https:\/\/www.vtm.se\/en\/wp-json\/wp\/v2\/pages\/11\/revisions"}],"predecessor-version":[{"id":632,"href":"https:\/\/www.vtm.se\/en\/wp-json\/wp\/v2\/pages\/11\/revisions\/632"}],"wp:attachment":[{"href":"https:\/\/www.vtm.se\/en\/wp-json\/wp\/v2\/media?parent=11"}],"curies":[{"name":"wp","href":"https:\/\/api.w.org\/{rel}","templated":true}]}}